{"id":19,"date":"2012-01-25T18:14:02","date_gmt":"2012-01-25T18:14:02","guid":{"rendered":"http:\/\/www.syncinc.at\/english\/?page_id=19"},"modified":"2012-02-04T22:23:20","modified_gmt":"2012-02-04T22:23:20","slug":"interiors","status":"publish","type":"page","link":"https:\/\/www.syncinc.at\/deutsch\/interiors\/","title":{"rendered":"inneneinrichtung"},"content":{"rendered":"<h2>Inneneinrichtung<\/h2>\n<p><strong>K\u00fcchen | B\u00e4der | M\u00f6bel<\/strong><\/p>\n<p><strong><\/strong>Bei der Einrichtung von K\u00fcchen und B\u00e4dern legt <strong>SYNC<\/strong>inc gro\u00dfen Wert auf ma\u00dfgeschneiderte L\u00f6sungen.<\/p>\n<p>Durch die perfekte Beherrschung der K\u00fcchenorganisation der Planer, wird eine professionelle K\u00fcchengesamtberatung inklusive der Ger\u00e4te angeboten. Die individuelle Planung der Badezimmer ist auf funktionelle L\u00f6sung &#8211; wie etwa durch die Schaffung von Stauraum, das Integrieren von Waschtischen und Badewannen &#8211; ausgerichtet.<\/p>\n<p>Neben der Funktionalit\u00e4t des Innendesigns z\u00e4hlt die richtige Wahl der Materialien zu den St\u00e4rken von <strong>SYNC<\/strong>inc: vom Steinmetz bis zum Tischler wird mit hervorragenden Handwerkern gearbeitet, wodurch eine hohe Qualit\u00e4t bei der Ausf\u00fchrung gesichert ist.<br \/>\nDie Planung und Ausf\u00fchrung von M\u00f6belst\u00fccken wie beispielsweise Esstische, Arbeitstische, Schr\u00e4nke, Kommoden und Fernsehk\u00e4sten sowie Messest\u00e4nde erg\u00e4nzen das Angebot.<\/p>\n<div class=\"wpb_separator\"><\/div>\n<h2>Projekte<\/h2>\n<div class=\"column column_container full-width posts_grid wpb_carousel  columns_count_4 thumbnail_title thumbnail_title_full-width columns_count_4_thumbnail_title  posts_grid_wpb_portfolio last\"><a href=\"#\" class=\"prev\">&larr;<\/a> <a href=\"#\" class=\"next\">&rarr;<\/a><div class=\"wpb_wrapper\"><ul><li class=\"one-fourth\"><div class=\"teaser_grid posts_grid_teaser_wpb_portfolio \"><div class=\"wpb_wrapper\"><a class=\"link_image\" href=\"https:\/\/www.syncinc.at\/deutsch\/portfolio\/item\/seegasse\/\" title=\"Permalink to Seegasse\"><img class=\"teaser_grid_img\" src=\"https:\/\/www.syncinc.at\/deutsch\/wp-content\/uploads\/sg22-217x140.jpg\" width=\"217\" height=\"140\" alt=\"\" \/><\/a><h3 class=\"teaser_title\"><a href=\"https:\/\/www.syncinc.at\/deutsch\/portfolio\/item\/seegasse\/\" title=\"Permalink to Seegasse\">Seegasse<\/a><\/h3><\/div><\/div>\n<\/li><li class=\"one-fourth\"><div class=\"teaser_grid posts_grid_teaser_wpb_portfolio \"><div class=\"wpb_wrapper\"><a class=\"link_image\" href=\"https:\/\/www.syncinc.at\/deutsch\/portfolio\/item\/florianigasse\/\" title=\"Permalink to Florianigasse\"><img class=\"teaser_grid_img\" src=\"https:\/\/www.syncinc.at\/deutsch\/wp-content\/uploads\/fli1-217x140.jpg\" width=\"217\" height=\"140\" alt=\"\" \/><\/a><h3 class=\"teaser_title\"><a href=\"https:\/\/www.syncinc.at\/deutsch\/portfolio\/item\/florianigasse\/\" title=\"Permalink to Florianigasse\">Florianigasse<\/a><\/h3><\/div><\/div>\n<\/li><li class=\"one-fourth\"><div class=\"teaser_grid posts_grid_teaser_wpb_portfolio \"><div class=\"wpb_wrapper\"><a class=\"link_image\" href=\"https:\/\/www.syncinc.at\/deutsch\/portfolio\/item\/grundlgasse\/\" title=\"Permalink to Grundlgasse\"><img class=\"teaser_grid_img\" src=\"https:\/\/www.syncinc.at\/deutsch\/wp-content\/uploads\/ggi1-217x140.jpg\" width=\"217\" height=\"140\" alt=\"\" \/><\/a><h3 class=\"teaser_title\"><a href=\"https:\/\/www.syncinc.at\/deutsch\/portfolio\/item\/grundlgasse\/\" title=\"Permalink to Grundlgasse\">Grundlgasse<\/a><\/h3><\/div><\/div>\n<\/li><li class=\"one-fourth\"><div class=\"teaser_grid posts_grid_teaser_wpb_portfolio \"><div class=\"wpb_wrapper\"><a class=\"link_image\" href=\"https:\/\/www.syncinc.at\/deutsch\/portfolio\/item\/jacquingasse\/\" title=\"Permalink to Jacquingasse\"><img class=\"teaser_grid_img\" src=\"https:\/\/www.syncinc.at\/deutsch\/wp-content\/uploads\/jai1-217x140.jpg\" width=\"217\" height=\"140\" alt=\"\" \/><\/a><h3 class=\"teaser_title\"><a href=\"https:\/\/www.syncinc.at\/deutsch\/portfolio\/item\/jacquingasse\/\" title=\"Permalink to Jacquingasse\">Jacquingasse<\/a><\/h3><\/div><\/div>\n<\/li><li class=\"one-fourth\"><div class=\"teaser_grid posts_grid_teaser_wpb_portfolio \"><div class=\"wpb_wrapper\"><a class=\"link_image\" href=\"https:\/\/www.syncinc.at\/deutsch\/portfolio\/item\/grinzinger-allee\/\" title=\"Permalink to Grinzinger Allee\"><img class=\"teaser_grid_img\" src=\"https:\/\/www.syncinc.at\/deutsch\/wp-content\/uploads\/gai1-217x140.jpg\" width=\"217\" height=\"140\" alt=\"\" \/><\/a><h3 class=\"teaser_title\"><a href=\"https:\/\/www.syncinc.at\/deutsch\/portfolio\/item\/grinzinger-allee\/\" title=\"Permalink to Grinzinger Allee\">Grinzinger Allee<\/a><\/h3><\/div><\/div>\n<\/li><li class=\"one-fourth\"><div class=\"teaser_grid posts_grid_teaser_wpb_portfolio \"><div class=\"wpb_wrapper\"><a class=\"link_image\" href=\"https:\/\/www.syncinc.at\/deutsch\/portfolio\/item\/red-residence\/\" title=\"Permalink to Red Residence\"><img class=\"teaser_grid_img\" src=\"https:\/\/www.syncinc.at\/deutsch\/wp-content\/uploads\/wh06-217x140.jpg\" width=\"217\" height=\"140\" alt=\"\" \/><\/a><h3 class=\"teaser_title\"><a href=\"https:\/\/www.syncinc.at\/deutsch\/portfolio\/item\/red-residence\/\" title=\"Permalink to Red Residence\">Red Residence<\/a><\/h3><\/div><\/div>\n<\/li><li class=\"one-fourth\"><div class=\"teaser_grid posts_grid_teaser_wpb_portfolio \"><div class=\"wpb_wrapper\"><a class=\"link_image\" href=\"https:\/\/www.syncinc.at\/deutsch\/portfolio\/item\/apartment-graz\/\" title=\"Permalink to Wohnung Graz\"><img class=\"teaser_grid_img\" src=\"https:\/\/www.syncinc.at\/deutsch\/wp-content\/uploads\/gr1-217x140.jpg\" width=\"217\" height=\"140\" alt=\"\" \/><\/a><h3 class=\"teaser_title\"><a href=\"https:\/\/www.syncinc.at\/deutsch\/portfolio\/item\/apartment-graz\/\" title=\"Permalink to Wohnung Graz\">Wohnung Graz<\/a><\/h3><\/div><\/div>\n<\/li><li class=\"one-fourth\"><div class=\"teaser_grid posts_grid_teaser_wpb_portfolio \"><div class=\"wpb_wrapper\"><a class=\"link_image\" href=\"https:\/\/www.syncinc.at\/deutsch\/portfolio\/item\/hauslabgasse-2\/\" title=\"Permalink to Hauslabgasse\"><img class=\"teaser_grid_img\" src=\"https:\/\/www.syncinc.at\/deutsch\/wp-content\/uploads\/hli1-217x140.jpg\" width=\"217\" height=\"140\" alt=\"\" \/><\/a><h3 class=\"teaser_title\"><a href=\"https:\/\/www.syncinc.at\/deutsch\/portfolio\/item\/hauslabgasse-2\/\" title=\"Permalink to Hauslabgasse\">Hauslabgasse<\/a><\/h3><\/div><\/div>\n<\/li><li class=\"one-fourth\"><div class=\"teaser_grid posts_grid_teaser_wpb_portfolio \"><div class=\"wpb_wrapper\"><a class=\"link_image\" href=\"https:\/\/www.syncinc.at\/deutsch\/portfolio\/item\/apartment-hietzing\/\" title=\"Permalink to Wohnung Hietzing\"><img class=\"teaser_grid_img\" src=\"https:\/\/www.syncinc.at\/deutsch\/wp-content\/uploads\/hi1-217x140.jpg\" width=\"217\" height=\"140\" alt=\"\" \/><\/a><h3 class=\"teaser_title\"><a href=\"https:\/\/www.syncinc.at\/deutsch\/portfolio\/item\/apartment-hietzing\/\" title=\"Permalink to Wohnung Hietzing\">Wohnung Hietzing<\/a><\/h3><\/div><\/div>\n<\/li><\/ul><\/div><\/div> <div class=\"vc_clear\"><\/div>\n","protected":false},"excerpt":{"rendered":"<p>Standort: 1130 Wien, Hietzing<\/p>\n<p>T\u00e4tigkeit: Kompletsanierung Wohnung, K\u00fcche, Badezimmer, div. M\u00f6bel<\/p>\n<p>Gr\u00f6\u00dfe: 80 m\u00b2<\/p>\n<p>Fertigstellung: 2005<\/p>\n<p>Auftraggeber: Privat<\/p>\n<p>&nbsp;<\/p>\n<p>[ zur\u00fcck zu Inneneinrichtung ] <\/p>\n<p>&nbsp;<\/p \n\n","protected":false},"author":1,"featured_media":0,"parent":0,"menu_order":0,"comment_status":"open","ping_status":"open","template":"","meta":[],"_links":{"self":[{"href":"https:\/\/www.syncinc.at\/deutsch\/wp-json\/wp\/v2\/pages\/19"}],"collection":[{"href":"https:\/\/www.syncinc.at\/deutsch\/wp-json\/wp\/v2\/pages"}],"about":[{"href":"https:\/\/www.syncinc.at\/deutsch\/wp-json\/wp\/v2\/types\/page"}],"author":[{"embeddable":true,"href":"https:\/\/www.syncinc.at\/deutsch\/wp-json\/wp\/v2\/users\/1"}],"replies":[{"embeddable":true,"href":"https:\/\/www.syncinc.at\/deutsch\/wp-json\/wp\/v2\/comments?post=19"}],"version-history":[{"count":3,"href":"https:\/\/www.syncinc.at\/deutsch\/wp-json\/wp\/v2\/pages\/19\/revisions"}],"predecessor-version":[{"id":674,"href":"https:\/\/www.syncinc.at\/deutsch\/wp-json\/wp\/v2\/pages\/19\/revisions\/674"}],"wp:attachment":[{"href":"https:\/\/www.syncinc.at\/deutsch\/wp-json\/wp\/v2\/media?parent=19"}],"curies":[{"name":"wp","href":"https:\/\/api.w.org\/{rel}","templated":true}]}}