{"id":21,"date":"2012-01-25T18:15:05","date_gmt":"2012-01-25T18:15:05","guid":{"rendered":"http:\/\/www.syncinc.at\/english\/?page_id=21"},"modified":"2012-02-09T17:39:37","modified_gmt":"2012-02-09T17:39:37","slug":"network","status":"publish","type":"page","link":"https:\/\/www.syncinc.at\/deutsch\/network\/","title":{"rendered":"netzwerk"},"content":{"rendered":"<div class=\"column  wpb_text_column full-width last\"><div class=\"wpb_wrapper\">\n<h2>Netzwerk<\/h2>\n<p><strong>SYNC<\/strong>inc arbeitet mit einem flexiblen Team: Um eine optimale Zusammensetzung f\u00fcr jedes Projekt zu garantieren, gibt es eine bew\u00e4hrte Kerngruppe die von hoch qualifizierten Spezialisten unterst\u00fctzt wird, die projektbezogen mitarbeiten. Derzeit z\u00e4hlen vier Netzwerkpartner f\u00fcr die Ausfertigung von Pl\u00e4nen und Ausschreibungen zum engeren <strong>SYNC<\/strong>inc-Team.<\/p>\n<p>Wird <strong>SYNC<\/strong>inc als Generalplaner beauftragt, werden spezielle Leistungen durch SubunternehmerInnen erbracht, die zum erweiterten Netzwerk des Unternehmens z\u00e4hlen. Dazu geh\u00f6ren renommierten Fachkonsulenten wie Statiker, Haustechniker, Bauphysiker, Landschaftsplaner, sowie Baustellenkoordinatoren gem\u00e4\u00df BauKG.<\/p>\n<p>Weitere Kooperationspartner kommen aus dem Bereich des Baugewerbes. Das sind Firmen, die einen wesentlichen, konstanten Bestandteil des Design-Build-Konzepts bilden. Dadurch ist <strong>SYNC<\/strong>inc in der Lage, Projekte auch als General\u00fcbernehmer zu realisieren.<\/p>\n<p>F\u00fcr unternehmerische und finanzielle Fragen steht ein kompetentes Beraterteam (Steuerberatung, Rechtsberatung, Marketing, Projektfinanzierung) zur Verf\u00fcgung.<\/p>\n<\/div><\/div> <div class=\"vc_clear\"><\/div> <div class=\"wpb_separator\"><\/div> <div class=\"column  wpb_text_column one-half\"><div class=\"wpb_wrapper\">\n<h2>Externe Partner<\/h2>\n<p><strong><\/strong>Baumeister Dipl. Ing. (FH) Markus Berger<br \/>\n<em>Bauphysik, Baustellenkoordination nach BauKG<\/em><\/p>\n<p>DI Hans Wistawel<br \/>\n<em>Statiker<\/em><\/p>\n<p><a href=\"http:\/\/www.erstegroupimmorent.at\/de\/\" target=\"_blank\">Immorent Objekttechnik Haustechnikplanungsges.m.b.H<\/a><br \/>\n<em>Haustechnik- <em>|<\/em> Elektroplaner<br \/>\n<\/em><\/p>\n<p>Obra Baumanagement &amp; Bauconsult KG<br \/>\n<em><\/em><em>Baumanagement<\/em><\/p>\n<p><em><\/em><a title=\"aigner auer gmbh\" href=\"http:\/\/www.aigner-auer.at\" target=\"_blank\">Aigner Auer GmbH<\/a><br \/>\n<em>Bau-<em>|<\/em> M\u00f6beltischler<\/em><\/p>\n<p>Fl\u00fcgel &amp; Klement Ges.m.b.H.<br \/>\n<em>Aufz\u00fcge<\/em><\/p>\n<p>Wolfgang Gilly Stahlbautechnik<br \/>\n<em>Schlosser<\/em><\/p>\n<p>Stadtbaumeister Ing. Hans Hofer<br \/>\n<em>Baumeister<\/em><\/p>\n<p><a href=\"http:\/\/www.glas-haidbauer.at\/\" target=\"_blank\">Glaserei Haidbauer<\/a><br \/>\n<em>Glaser<\/em><\/p>\n<p>Baumann<em>|<\/em>Glas<em>|<\/em>1886 GmbH<br \/>\n<em>Metallbau<\/em><\/p>\n<p>Feitsch Installationen<em><br \/>\n<em>Installateur<br \/>\n<\/em><\/em><\/p>\n<p>Ochsner W\u00e4rmepumpen GmbH<br \/>\n<em>Heizungs- \/ K\u00fchlungssysteme<br \/>\n<\/em><\/p>\n<p>Tomaku<br \/>\n<em>Steinmetz<\/em><\/p>\n<p><a href=\"http:\/\/www.lagerhaus-zwettl.at\/\" target=\"_blank\">Raiffeisen Lagerhaus Zwettl<\/a><br \/>\n<em>konstruktiver Stahlbau | Dachdecker<\/em> <em>|<\/em> <em>Spengler<\/em><\/p>\n<p>Alfred Heilegger<br \/>\n<em><em>Spengler<\/em><\/em><\/p>\n<p><a title=\"tischlerei m. sch\u00f6n GmbH\" href=\"http:\/\/www.wohnkultur.yspertal.com\/\" target=\"_blank\">Tischlerei M. Sch\u00f6n GmbH<\/a><br \/>\n<em><em>Bau-\u00a0<em>|<\/em>\u00a0 M\u00f6beltischler<\/em><\/em><\/p>\n<p>Maier Wohnterrassen<br \/>\n<em>Bodenleger<br \/>\n<\/em><\/p>\n<p>Elektro D. Pavlovic<br \/>\n<em>Elektriker<br \/>\n<\/em><\/p>\n<\/div><\/div> <div class=\"column  wpb_text_column one-half last\"><div class=\"wpb_wrapper\">\n<h2>Auftraggeber<\/h2>\n<p><a title=\"del vista immobilien gmbh\" href=\"http:\/\/www.delvista.at\" target=\"_blank\">Delvista Immobilien GmbH<\/a><\/p>\n<p><a href=\"http:\/\/www.conwert.at\/web\/at\/view.php\" target=\"_blank\">Conwert Immobilien Invest AG<\/a><\/p>\n<p>HGK Immobilienverwertungs-GmbH<\/p>\n<p>G1 Immobilienverwertung GmbH<\/p>\n<p>Lifestyle Living Hotels &amp; Residenzen Betriebs GmbH<\/p>\n<p>Cielo Immobilien Invest AG<\/p>\n<p>MED Immobilien Entwicklung GmbH<\/p>\n<p>Peter Freigassner Immobilien GmbH<\/p>\n<p>zahlreiche private Auftraggeber<\/p>\n<\/div><\/div> <div class=\"vc_clear\"><\/div><\/p>\n","protected":false},"excerpt":{"rendered":"","protected":false},"author":1,"featured_media":0,"parent":0,"menu_order":0,"comment_status":"open","ping_status":"open","template":"","meta":[],"_links":{"self":[{"href":"https:\/\/www.syncinc.at\/deutsch\/wp-json\/wp\/v2\/pages\/21"}],"collection":[{"href":"https:\/\/www.syncinc.at\/deutsch\/wp-json\/wp\/v2\/pages"}],"about":[{"href":"https:\/\/www.syncinc.at\/deutsch\/wp-json\/wp\/v2\/types\/page"}],"author":[{"embeddable":true,"href":"https:\/\/www.syncinc.at\/deutsch\/wp-json\/wp\/v2\/users\/1"}],"replies":[{"embeddable":true,"href":"https:\/\/www.syncinc.at\/deutsch\/wp-json\/wp\/v2\/comments?post=21"}],"version-history":[{"count":13,"href":"https:\/\/www.syncinc.at\/deutsch\/wp-json\/wp\/v2\/pages\/21\/revisions"}],"predecessor-version":[{"id":676,"href":"https:\/\/www.syncinc.at\/deutsch\/wp-json\/wp\/v2\/pages\/21\/revisions\/676"}],"wp:attachment":[{"href":"https:\/\/www.syncinc.at\/deutsch\/wp-json\/wp\/v2\/media?parent=21"}],"curies":[{"name":"wp","href":"https:\/\/api.w.org\/{rel}","templated":true}]}}