{"id":23,"date":"2012-01-25T18:15:38","date_gmt":"2012-01-25T18:15:38","guid":{"rendered":"http:\/\/www.syncinc.at\/english\/?page_id=23"},"modified":"2012-02-05T23:06:38","modified_gmt":"2012-02-05T23:06:38","slug":"new-buildings","status":"publish","type":"page","link":"https:\/\/www.syncinc.at\/deutsch\/new-buildings\/","title":{"rendered":"neubau"},"content":{"rendered":"<h2>Neubau<\/h2>\n<p><strong>Einfamilienh\u00e4user | Institutsbau<\/strong><\/p>\n<p>Der Anreiz bei Neubauten ist etwas Neues in einer zeitgen\u00f6ssischen Architektursprache zu schaffen, das gleichzeitig den gegebenen urbanen oder landschaftlichen Kontext anspricht.<\/p>\n<p>In der Praxis gehts darum, sich auf die W\u00fcnsche und Bed\u00fcrfnisse der Kunden und Benutzer einzulassen, um ein hohes Qualit\u00e4tsniveau zu erzielen.<\/p>\n<p>Zus\u00e4tzliche Rahmenbedingungen stellen die Vorgaben von au\u00dfen dar: von der Bauordnung bis zur Grundst\u00fccksgr\u00f6\u00dfe von der Himmelsrichtung bis zum Budget.<\/p>\n<p>Die Neubauten tragen die architektonische Handschrift von <strong>SYNC<\/strong>inc und werden von zufriedenen Kunden benutzt und bewohnt.<\/p>\n<div class=\"wpb_separator\"><\/div>\n<h2>Projekte<\/h2>\n<div class=\"column column_container full-width posts_grid wpb_carousel  columns_count_4 thumbnail_title thumbnail_title_full-width columns_count_4_thumbnail_title  posts_grid_wpb_portfolio last\"><a href=\"#\" class=\"prev\">&larr;<\/a> <a href=\"#\" class=\"next\">&rarr;<\/a><div class=\"wpb_wrapper\"><ul><li class=\"one-fourth\"><div class=\"teaser_grid posts_grid_teaser_wpb_portfolio \"><div class=\"wpb_wrapper\"><a class=\"link_image\" href=\"https:\/\/www.syncinc.at\/deutsch\/portfolio\/item\/security-center\/\" title=\"Permalink to Sicherheitszentrum\"><img class=\"teaser_grid_img\" src=\"https:\/\/www.syncinc.at\/deutsch\/wp-content\/uploads\/sz1-217x140.jpg\" width=\"217\" height=\"140\" alt=\"\" \/><\/a><h3 class=\"teaser_title\"><a href=\"https:\/\/www.syncinc.at\/deutsch\/portfolio\/item\/security-center\/\" title=\"Permalink to Sicherheitszentrum\">Sicherheitszentrum<\/a><\/h3><\/div><\/div>\n<\/li><li class=\"one-fourth\"><div class=\"teaser_grid posts_grid_teaser_wpb_portfolio \"><div class=\"wpb_wrapper\"><a class=\"link_image\" href=\"https:\/\/www.syncinc.at\/deutsch\/portfolio\/item\/konrad-lorenz-institute\/\" title=\"Permalink to Konrad Lorenz Institut\"><img class=\"teaser_grid_img\" src=\"https:\/\/www.syncinc.at\/deutsch\/wp-content\/uploads\/kl1-217x140.jpg\" width=\"217\" height=\"140\" alt=\"\" \/><\/a><h3 class=\"teaser_title\"><a href=\"https:\/\/www.syncinc.at\/deutsch\/portfolio\/item\/konrad-lorenz-institute\/\" title=\"Permalink to Konrad Lorenz Institut\">Konrad Lorenz Institut<\/a><\/h3><\/div><\/div>\n<\/li><li class=\"one-fourth\"><div class=\"teaser_grid posts_grid_teaser_wpb_portfolio \"><div class=\"wpb_wrapper\"><a class=\"link_image\" href=\"https:\/\/www.syncinc.at\/deutsch\/portfolio\/item\/house-favoriten\/\" title=\"Permalink to Haus Favoriten\"><img class=\"teaser_grid_img\" src=\"https:\/\/www.syncinc.at\/deutsch\/wp-content\/uploads\/hf1-217x140.jpg\" width=\"217\" height=\"140\" alt=\"\" \/><\/a><h3 class=\"teaser_title\"><a href=\"https:\/\/www.syncinc.at\/deutsch\/portfolio\/item\/house-favoriten\/\" title=\"Permalink to Haus Favoriten\">Haus Favoriten<\/a><\/h3><\/div><\/div>\n<\/li><li class=\"one-fourth\"><div class=\"teaser_grid posts_grid_teaser_wpb_portfolio \"><div class=\"wpb_wrapper\"><a class=\"link_image\" href=\"https:\/\/www.syncinc.at\/deutsch\/portfolio\/item\/draschestrasse\/\" title=\"Permalink to Draschestrasse\"><img class=\"teaser_grid_img\" src=\"https:\/\/www.syncinc.at\/deutsch\/wp-content\/uploads\/dr1-217x140.jpg\" width=\"217\" height=\"140\" alt=\"\" \/><\/a><h3 class=\"teaser_title\"><a href=\"https:\/\/www.syncinc.at\/deutsch\/portfolio\/item\/draschestrasse\/\" title=\"Permalink to Draschestrasse\">Draschestrasse<\/a><\/h3><\/div><\/div>\n<\/li><\/ul><\/div><\/div> <div class=\"vc_clear\"><\/div>\n","protected":false},"excerpt":{"rendered":"<p>Standort: 1230 Wien, Draschestrasse 16<\/p>\n<p>T\u00e4tigkeit: Wohnbau, Garage<\/p>\n<p>Gr\u00f6\u00dfe: 1800 m\u00b2<\/p>\n<p>Fertigstellung: in Planung<\/p>\n<p>Auftraggeber: WohnVision Projektbau GmbH<\/p>\n<p>&nbsp;<\/p>\n<p>[ zur\u00fcck zu Neubau ]<\/p>\n<p>&nbsp;<\/p \n\n","protected":false},"author":1,"featured_media":0,"parent":0,"menu_order":0,"comment_status":"open","ping_status":"open","template":"","meta":[],"_links":{"self":[{"href":"https:\/\/www.syncinc.at\/deutsch\/wp-json\/wp\/v2\/pages\/23"}],"collection":[{"href":"https:\/\/www.syncinc.at\/deutsch\/wp-json\/wp\/v2\/pages"}],"about":[{"href":"https:\/\/www.syncinc.at\/deutsch\/wp-json\/wp\/v2\/types\/page"}],"author":[{"embeddable":true,"href":"https:\/\/www.syncinc.at\/deutsch\/wp-json\/wp\/v2\/users\/1"}],"replies":[{"embeddable":true,"href":"https:\/\/www.syncinc.at\/deutsch\/wp-json\/wp\/v2\/comments?post=23"}],"version-history":[{"count":4,"href":"https:\/\/www.syncinc.at\/deutsch\/wp-json\/wp\/v2\/pages\/23\/revisions"}],"predecessor-version":[{"id":730,"href":"https:\/\/www.syncinc.at\/deutsch\/wp-json\/wp\/v2\/pages\/23\/revisions\/730"}],"wp:attachment":[{"href":"https:\/\/www.syncinc.at\/deutsch\/wp-json\/wp\/v2\/media?parent=23"}],"curies":[{"name":"wp","href":"https:\/\/api.w.org\/{rel}","templated":true}]}}