{"id":25,"date":"2012-01-25T18:16:11","date_gmt":"2012-01-25T18:16:11","guid":{"rendered":"http:\/\/www.syncinc.at\/english\/?page_id=25"},"modified":"2012-02-04T22:33:33","modified_gmt":"2012-02-04T22:33:33","slug":"penthouse-apartments","status":"publish","type":"page","link":"https:\/\/www.syncinc.at\/deutsch\/penthouse-apartments\/","title":{"rendered":"alt- I dachausbau"},"content":{"rendered":"<h2>Dachausbau<\/h2>\n<p>Das Dachgescho\u00df ist als Wohnraum und als Immobilienobjekt gleicherma\u00dfen begehrt. Bei der Planung ist es wichtig, den urspr\u00fcnglichen Zustand des gesamten Hauses vom Keller bis zum Dachboden zu ber\u00fccksichtigen.<br \/>\nDie St\u00e4rke von <strong>SYNC<\/strong>inc liegt darin, das Maximum an nutzbaren Volumen herauszuholen und dabei keine komplizierten oder verwinkelten, sondern klare und funktionelle Grundrisse zu erzielen. Au\u00dferdem wird <strong>SYNC<\/strong>inc seinen hohen Anspr\u00fcchen an eine gute architektonische Qualit\u00e4t gerecht.<\/p>\n<div class=\"wpb_separator\"><\/div>\n<h2>Altbau &#8211; Sanierung &#8211; Adaptierung<\/h2>\n<p>Die Aufwertung der Wohnsubstanz durch Sanierungsma\u00dfnahmen ist ein Spiel zwischen Neu und Alt. Ziel ist, zu sanieren und unbrauchbare Substanz durch neue Elemente zu ersetzen.<br \/>\nDa Dachausbau und Haussanierung oft gleichzeitig in Angriff genommen werden, ist <strong>SYNC<\/strong>inc auf beides spezialisiert und Ansprechpartner f\u00fcr alle Fragen des Sanierens und Bauens: Ob ein Aufzug oder eine Garage gebaut, technische Leitungen ersetzt, das Stiegenhaus renoviert werden muss oder eine Eingangs- oder Fassadensanierung ansteht.<\/p>\n<div class=\"wpb_separator\"><\/div>\n<h2>Projekte<\/h2>\n<div class=\"column column_container full-width posts_grid wpb_carousel  columns_count_4 thumbnail_title thumbnail_title_full-width columns_count_4_thumbnail_title  posts_grid_wpb_portfolio last\"><a href=\"#\" class=\"prev\">&larr;<\/a> <a href=\"#\" class=\"next\">&rarr;<\/a><div class=\"wpb_wrapper\"><ul><li class=\"one-fourth\"><div class=\"teaser_grid posts_grid_teaser_wpb_portfolio \"><div class=\"wpb_wrapper\"><a class=\"link_image\" href=\"https:\/\/www.syncinc.at\/deutsch\/portfolio\/item\/seegasse-2\/\" title=\"Permalink to Seegasse\"><img class=\"teaser_grid_img\" src=\"https:\/\/www.syncinc.at\/deutsch\/wp-content\/uploads\/sg1-217x140.jpg\" width=\"217\" height=\"140\" alt=\"\" \/><\/a><h3 class=\"teaser_title\"><a href=\"https:\/\/www.syncinc.at\/deutsch\/portfolio\/item\/seegasse-2\/\" title=\"Permalink to Seegasse\">Seegasse<\/a><\/h3><\/div><\/div>\n<\/li><li class=\"one-fourth\"><div class=\"teaser_grid posts_grid_teaser_wpb_portfolio \"><div class=\"wpb_wrapper\"><a class=\"link_image\" href=\"https:\/\/www.syncinc.at\/deutsch\/portfolio\/item\/mondscheingasse\/\" title=\"Permalink to Mondscheingasse\"><img class=\"teaser_grid_img\" src=\"https:\/\/www.syncinc.at\/deutsch\/wp-content\/uploads\/mo1-217x140.jpg\" width=\"217\" height=\"140\" alt=\"\" \/><\/a><h3 class=\"teaser_title\"><a href=\"https:\/\/www.syncinc.at\/deutsch\/portfolio\/item\/mondscheingasse\/\" title=\"Permalink to Mondscheingasse\">Mondscheingasse<\/a><\/h3><\/div><\/div>\n<\/li><li class=\"one-fourth\"><div class=\"teaser_grid posts_grid_teaser_wpb_portfolio \"><div class=\"wpb_wrapper\"><a class=\"link_image\" href=\"https:\/\/www.syncinc.at\/deutsch\/portfolio\/item\/florianigasse-2\/\" title=\"Permalink to Florianigasse\"><img class=\"teaser_grid_img\" src=\"https:\/\/www.syncinc.at\/deutsch\/wp-content\/uploads\/fl1-217x140.jpg\" width=\"217\" height=\"140\" alt=\"\" \/><\/a><h3 class=\"teaser_title\"><a href=\"https:\/\/www.syncinc.at\/deutsch\/portfolio\/item\/florianigasse-2\/\" title=\"Permalink to Florianigasse\">Florianigasse<\/a><\/h3><\/div><\/div>\n<\/li><li class=\"one-fourth\"><div class=\"teaser_grid posts_grid_teaser_wpb_portfolio \"><div class=\"wpb_wrapper\"><a class=\"link_image\" href=\"https:\/\/www.syncinc.at\/deutsch\/portfolio\/item\/grundlgasse-2\/\" title=\"Permalink to Grundlgasse\"><img class=\"teaser_grid_img\" src=\"https:\/\/www.syncinc.at\/deutsch\/wp-content\/uploads\/gg1-217x140.jpg\" width=\"217\" height=\"140\" alt=\"\" \/><\/a><h3 class=\"teaser_title\"><a href=\"https:\/\/www.syncinc.at\/deutsch\/portfolio\/item\/grundlgasse-2\/\" title=\"Permalink to Grundlgasse\">Grundlgasse<\/a><\/h3><\/div><\/div>\n<\/li><li class=\"one-fourth\"><div class=\"teaser_grid posts_grid_teaser_wpb_portfolio \"><div class=\"wpb_wrapper\"><a class=\"link_image\" href=\"https:\/\/www.syncinc.at\/deutsch\/portfolio\/item\/marxergasse\/\" title=\"Permalink to Marxergasse\"><img class=\"teaser_grid_img\" src=\"https:\/\/www.syncinc.at\/deutsch\/wp-content\/uploads\/ma1-217x140.jpg\" width=\"217\" height=\"140\" alt=\"\" \/><\/a><h3 class=\"teaser_title\"><a href=\"https:\/\/www.syncinc.at\/deutsch\/portfolio\/item\/marxergasse\/\" title=\"Permalink to Marxergasse\">Marxergasse<\/a><\/h3><\/div><\/div>\n<\/li><li class=\"one-fourth\"><div class=\"teaser_grid posts_grid_teaser_wpb_portfolio \"><div class=\"wpb_wrapper\"><a class=\"link_image\" href=\"https:\/\/www.syncinc.at\/deutsch\/portfolio\/item\/pappenheimgasse\/\" title=\"Permalink to Pappenheimgasse\"><img class=\"teaser_grid_img\" src=\"https:\/\/www.syncinc.at\/deutsch\/wp-content\/uploads\/pa1-217x140.jpg\" width=\"217\" height=\"140\" alt=\"\" \/><\/a><h3 class=\"teaser_title\"><a href=\"https:\/\/www.syncinc.at\/deutsch\/portfolio\/item\/pappenheimgasse\/\" title=\"Permalink to Pappenheimgasse\">Pappenheimgasse<\/a><\/h3><\/div><\/div>\n<\/li><li class=\"one-fourth\"><div class=\"teaser_grid posts_grid_teaser_wpb_portfolio \"><div class=\"wpb_wrapper\"><a class=\"link_image\" href=\"https:\/\/www.syncinc.at\/deutsch\/portfolio\/item\/sechsschimmelgasse\/\" title=\"Permalink to Sechsschimmelgasse\"><img class=\"teaser_grid_img\" src=\"https:\/\/www.syncinc.at\/deutsch\/wp-content\/uploads\/se1-217x140.jpg\" width=\"217\" height=\"140\" alt=\"\" \/><\/a><h3 class=\"teaser_title\"><a href=\"https:\/\/www.syncinc.at\/deutsch\/portfolio\/item\/sechsschimmelgasse\/\" title=\"Permalink to Sechsschimmelgasse\">Sechsschimmelgasse<\/a><\/h3><\/div><\/div>\n<\/li><li class=\"one-fourth\"><div class=\"teaser_grid posts_grid_teaser_wpb_portfolio \"><div class=\"wpb_wrapper\"><a class=\"link_image\" href=\"https:\/\/www.syncinc.at\/deutsch\/portfolio\/item\/jacquingasse-2\/\" title=\"Permalink to Jacquingasse\"><img class=\"teaser_grid_img\" src=\"https:\/\/www.syncinc.at\/deutsch\/wp-content\/uploads\/ja1-217x140.jpg\" width=\"217\" height=\"140\" alt=\"\" \/><\/a><h3 class=\"teaser_title\"><a href=\"https:\/\/www.syncinc.at\/deutsch\/portfolio\/item\/jacquingasse-2\/\" title=\"Permalink to Jacquingasse\">Jacquingasse<\/a><\/h3><\/div><\/div>\n<\/li><li class=\"one-fourth\"><div class=\"teaser_grid posts_grid_teaser_wpb_portfolio \"><div class=\"wpb_wrapper\"><a class=\"link_image\" href=\"https:\/\/www.syncinc.at\/deutsch\/portfolio\/item\/grinzinger-allee-2\/\" title=\"Permalink to Grinzinger Allee\"><img class=\"teaser_grid_img\" src=\"https:\/\/www.syncinc.at\/deutsch\/wp-content\/uploads\/ga1-217x140.jpg\" width=\"217\" height=\"140\" alt=\"\" \/><\/a><h3 class=\"teaser_title\"><a href=\"https:\/\/www.syncinc.at\/deutsch\/portfolio\/item\/grinzinger-allee-2\/\" title=\"Permalink to Grinzinger Allee\">Grinzinger Allee<\/a><\/h3><\/div><\/div>\n<\/li><li class=\"one-fourth\"><div class=\"teaser_grid posts_grid_teaser_wpb_portfolio \"><div class=\"wpb_wrapper\"><a class=\"link_image\" href=\"https:\/\/www.syncinc.at\/deutsch\/portfolio\/item\/fasangasse\/\" title=\"Permalink to Fasangasse\"><img class=\"teaser_grid_img\" src=\"https:\/\/www.syncinc.at\/deutsch\/wp-content\/uploads\/fa1-217x140.jpg\" width=\"217\" height=\"140\" alt=\"\" \/><\/a><h3 class=\"teaser_title\"><a href=\"https:\/\/www.syncinc.at\/deutsch\/portfolio\/item\/fasangasse\/\" title=\"Permalink to Fasangasse\">Fasangasse<\/a><\/h3><\/div><\/div>\n<\/li><li class=\"one-fourth\"><div class=\"teaser_grid posts_grid_teaser_wpb_portfolio \"><div class=\"wpb_wrapper\"><a class=\"link_image\" href=\"https:\/\/www.syncinc.at\/deutsch\/portfolio\/item\/hauslabgasse\/\" title=\"Permalink to Hauslabgasse\"><img class=\"teaser_grid_img\" src=\"https:\/\/www.syncinc.at\/deutsch\/wp-content\/uploads\/hl1-217x140.jpg\" width=\"217\" height=\"140\" alt=\"\" \/><\/a><h3 class=\"teaser_title\"><a href=\"https:\/\/www.syncinc.at\/deutsch\/portfolio\/item\/hauslabgasse\/\" title=\"Permalink to Hauslabgasse\">Hauslabgasse<\/a><\/h3><\/div><\/div>\n<\/li><li class=\"one-fourth\"><div class=\"teaser_grid posts_grid_teaser_wpb_portfolio \"><div class=\"wpb_wrapper\"><a class=\"link_image\" href=\"https:\/\/www.syncinc.at\/deutsch\/portfolio\/item\/einwanggasse\/\" title=\"Permalink to Einwanggasse\"><img class=\"teaser_grid_img\" src=\"https:\/\/www.syncinc.at\/deutsch\/wp-content\/uploads\/ew1-217x140.jpg\" width=\"217\" height=\"140\" alt=\"\" \/><\/a><h3 class=\"teaser_title\"><a href=\"https:\/\/www.syncinc.at\/deutsch\/portfolio\/item\/einwanggasse\/\" title=\"Permalink to Einwanggasse\">Einwanggasse<\/a><\/h3><\/div><\/div>\n<\/li><\/ul><\/div><\/div> <div class=\"vc_clear\"><\/div>\n","protected":false},"excerpt":{"rendered":"<p>Standort: 1140 Wien, Einwanggasse 27<\/p>\n<p>T\u00e4tigkeit: 2 Dachbodenausbauten, Altbausanierung, Garage<\/p>\n<p>Gr\u00f6\u00dfe: 600 m\u00b2<\/p>\n<p>Fertigstellung: 2005<\/p>\n<p>Auftraggeber: G1 Immobilienverwertung GmbH<\/p>\n<p>&nbsp;<\/p>\n<p>[ zur\u00fcck zu Alt- I Dachausbau ]<\/p>\n<p>&nbsp;<\/p \n\n","protected":false},"author":1,"featured_media":0,"parent":0,"menu_order":0,"comment_status":"open","ping_status":"open","template":"","meta":[],"_links":{"self":[{"href":"https:\/\/www.syncinc.at\/deutsch\/wp-json\/wp\/v2\/pages\/25"}],"collection":[{"href":"https:\/\/www.syncinc.at\/deutsch\/wp-json\/wp\/v2\/pages"}],"about":[{"href":"https:\/\/www.syncinc.at\/deutsch\/wp-json\/wp\/v2\/types\/page"}],"author":[{"embeddable":true,"href":"https:\/\/www.syncinc.at\/deutsch\/wp-json\/wp\/v2\/users\/1"}],"replies":[{"embeddable":true,"href":"https:\/\/www.syncinc.at\/deutsch\/wp-json\/wp\/v2\/comments?post=25"}],"version-history":[{"count":4,"href":"https:\/\/www.syncinc.at\/deutsch\/wp-json\/wp\/v2\/pages\/25\/revisions"}],"predecessor-version":[{"id":680,"href":"https:\/\/www.syncinc.at\/deutsch\/wp-json\/wp\/v2\/pages\/25\/revisions\/680"}],"wp:attachment":[{"href":"https:\/\/www.syncinc.at\/deutsch\/wp-json\/wp\/v2\/media?parent=25"}],"curies":[{"name":"wp","href":"https:\/\/api.w.org\/{rel}","templated":true}]}}