{"id":29,"date":"2012-01-25T18:18:19","date_gmt":"2012-01-25T18:18:19","guid":{"rendered":"http:\/\/www.syncinc.at\/english\/?page_id=29"},"modified":"2012-02-04T22:36:01","modified_gmt":"2012-02-04T22:36:01","slug":"registration-i-credit","status":"publish","type":"page","link":"https:\/\/www.syncinc.at\/deutsch\/registration-i-credit\/","title":{"rendered":"impressum"},"content":{"rendered":"<h2>Impressum<\/h2>\n<p><strong>F\u00fcr den Inhalt der Website verantwortlich:<\/strong><\/p>\n<p>SYNCinc Design | Build GmbH &amp; Co KG<br \/>\nNeubaugasse 68|7s, 1070 Vienna, Austria<\/p>\n<p>Registration:<br \/>\nFN 159617g, Handelsgericht WienUID: ATU43708500<\/p>\n<p>&nbsp;<\/p>\n<p>Webdesign: Christian Fischer<br \/>\nFotos: Curt Themessl<\/p>\n<div class=\"wpb_separator\"><\/div>\n<p><strong>Rechtliche Hinweise:<\/strong><em> Trotz aller Sorgfalt und der \u00dcberpr\u00fcfung der Inhalte kann keine Haftung bzw. Garantie f\u00fcr die Richtigkeit der Informationen \u00fcbernommen werden. Dies gilt auch f\u00fcr verlinkten Seiten. F\u00fcr die Inhalte dieser Seiten haftet ausschlie\u00dflich der Betreiber.<\/em><strong><\/strong><em><\/em><\/p>\n","protected":false},"excerpt":{"rendered":"<p>Impressum <\/p>\n<p>F\u00fcr den Inhalt der Website verantwortlich:<\/p>\n<p>SYNCinc Design | Build GmbH &amp; Co KG Neubaugasse 68|7s, 1070 Vienna, Austria<\/p>\n<p>Registration: FN 159617g, Handelsgericht WienUID: ATU43708500<\/p>\n<p>&nbsp;<\/p>\n<p>Webdesign: Christian Fischer Fotos: Curt Themessl<\/p>\n<p>Rechtliche Hinweise: Trotz aller Sorgfalt und der \u00dcberpr\u00fcfung der Inhalte kann keine Haftung bzw. Garantie f\u00fcr die Richtigkeit der Informationen \u00fcbernommen werden. <\/p>\n","protected":false},"author":1,"featured_media":0,"parent":0,"menu_order":0,"comment_status":"open","ping_status":"open","template":"","meta":[],"_links":{"self":[{"href":"https:\/\/www.syncinc.at\/deutsch\/wp-json\/wp\/v2\/pages\/29"}],"collection":[{"href":"https:\/\/www.syncinc.at\/deutsch\/wp-json\/wp\/v2\/pages"}],"about":[{"href":"https:\/\/www.syncinc.at\/deutsch\/wp-json\/wp\/v2\/types\/page"}],"author":[{"embeddable":true,"href":"https:\/\/www.syncinc.at\/deutsch\/wp-json\/wp\/v2\/users\/1"}],"replies":[{"embeddable":true,"href":"https:\/\/www.syncinc.at\/deutsch\/wp-json\/wp\/v2\/comments?post=29"}],"version-history":[{"count":3,"href":"https:\/\/www.syncinc.at\/deutsch\/wp-json\/wp\/v2\/pages\/29\/revisions"}],"predecessor-version":[{"id":687,"href":"https:\/\/www.syncinc.at\/deutsch\/wp-json\/wp\/v2\/pages\/29\/revisions\/687"}],"wp:attachment":[{"href":"https:\/\/www.syncinc.at\/deutsch\/wp-json\/wp\/v2\/media?parent=29"}],"curies":[{"name":"wp","href":"https:\/\/api.w.org\/{rel}","templated":true}]}}