{"id":32,"date":"2012-01-25T18:19:12","date_gmt":"2012-01-25T18:19:12","guid":{"rendered":"http:\/\/www.syncinc.at\/english\/?page_id=32"},"modified":"2022-12-02T08:42:29","modified_gmt":"2022-12-02T08:42:29","slug":"team","status":"publish","type":"page","link":"https:\/\/www.syncinc.at\/deutsch\/team\/","title":{"rendered":"team"},"content":{"rendered":"<div class=\"column  wpb_text_column full-width last\"><div class=\"wpb_wrapper\">\n<h2>Team<\/h2>\n<p>Das Motto &#8222;Architektur synchron verwirklichen&#8220; spiegelt sich im Team der <strong>SYNC<\/strong>inc Design | Build GmbH &amp; Co KG und ist auf die kongeniale\u00a0 Zusammenarbeit der drei Unternehmensgr\u00fcnder zur\u00fcckzuf\u00fchren. Die\u00a0 unterschiedlichen St\u00e4rken, Erfahrungen und Spezialkenntnisse der\u00a0 Partner Michael Maurer, Eric Red und Helmut Schuch werden in jedem Projekt gezielt eingesetzt, um eine nahtlose Zusammenarbeit zwischen\u00a0 allen Projektbeteiligten vom Entwurf bis zur Ausf\u00fchrung zu erm\u00f6glichen.<\/p>\n<\/div><\/div> <div class=\"vc_clear\"><\/div> <div class=\"wpb_separator\"><\/div> <div class=\"column  wpb_text_column one-fourth\"><div class=\"wpb_wrapper\">\n<p><img decoding=\"async\" loading=\"lazy\" src=\"http:\/\/syncinc.at\/english\/maurer_gross.jpg\" alt=\"\" width=\"167\" height=\"167\" \/><\/p>\n<\/div><\/div> <div class=\"column  wpb_text_column three-fourth last\"><div class=\"wpb_wrapper\">\n<h2>Michael Maurer<\/h2>\n<p><em>Bau- und Kostenmanagement, Projektabwicklung, Kundenbetreuung<\/em><\/p>\n<p><a href=\"mailto:maurer@syncinc.at\">maurer@syncinc.at<\/a><\/p>\n<h4 class=\"wpb_toggle\">Details<\/h4><div class=\"wpb_toggle_content\">\n<p>Michael Maurer ist bereits seit 1989 als Planer, Projektmanager und Bauleiter im Bereich Altbausanierung, Dachausbau und Innenausbau t\u00e4tig. Er ist auch Spezialist f\u00fcr K\u00fcchendesign.<br \/>\nMaurer ist f\u00fcr die optimale Projektabwicklung, die Baudurchf\u00fchrung bzw. Bauleitung vor Ort sowie das Bau- und Kostenmanagement verantwortlich. Wichtig f\u00fcr das Unternehmen sind seine zahlreichen ausgezeichneten Kontakte in der Baubranche sowie zu den Baubeh\u00f6rden.<br \/>\nZus\u00e4tzlich ist er f\u00fcr die Betreuung von privaten Investoren und Bautr\u00e4gern zust\u00e4ndig.<\/p>\n<\/div>\n<\/div><\/div> <div class=\"vc_clear\"><\/div> <div class=\"wpb_separator\"><\/div> <div class=\"column  wpb_text_column one-fourth\"><div class=\"wpb_wrapper\">\n<p><img decoding=\"async\" loading=\"lazy\" src=\"http:\/\/syncinc.at\/english\/red_gross.jpg\" alt=\"\" width=\"167\" height=\"167\" \/><\/p>\n<\/div><\/div> <div class=\"column  wpb_text_column three-fourth last\"><div class=\"wpb_wrapper\">\n<h2>Eric Red<\/h2>\n<p>Dipl.-Ing., Master of Architecture (USA)<\/p>\n<p><em>gewerberechtlicher Gesch\u00e4ftsf\u00fchrer<br \/>\nEntwurfs- und Ausf\u00fchrungsplanung, B\u00fcromanagement<\/em><\/p>\n<p><a href=\"mailto:red@syncinc.at\">red@syncinc.at<\/a><\/p>\n<h4 class=\"wpb_toggle\">Details<\/h4><div class=\"wpb_toggle_content\">\n<p>Eric Red ist in New York geboren, studierte Architektur an der Washington University (St. Louis, USA), der Harvard University (Cambridge, USA), sowie der Eidgenossische Technische Hochschule (Z\u00fcrich) und kann auf internationale Berufserfahrung in renommierten Architekturb\u00fcros in den USA und in Europa verweisen. Er war 2004 und 2007 Gastprofessor f\u00fcr Entwurf an der Tulane University in New Orleans.<\/p>\n<p>Red ist sowohl f\u00fcr die Entwurfs- und Ausf\u00fchrungsplanung als auch f\u00fcr das Projektmanagement zust\u00e4ndig. Zu seinen Agenden z\u00e4hlt au\u00dferdem das interne B\u00fcromanagement.<\/p>\n<\/div>\n<\/div><\/div> <div class=\"vc_clear\"><\/div> <div class=\"wpb_separator\"><\/div> <div class=\"column  wpb_text_column one-fourth\"><div class=\"wpb_wrapper\"><\/div><\/div><\/p>\n","protected":false},"excerpt":{"rendered":"","protected":false},"author":1,"featured_media":0,"parent":0,"menu_order":0,"comment_status":"open","ping_status":"open","template":"","meta":[],"_links":{"self":[{"href":"https:\/\/www.syncinc.at\/deutsch\/wp-json\/wp\/v2\/pages\/32"}],"collection":[{"href":"https:\/\/www.syncinc.at\/deutsch\/wp-json\/wp\/v2\/pages"}],"about":[{"href":"https:\/\/www.syncinc.at\/deutsch\/wp-json\/wp\/v2\/types\/page"}],"author":[{"embeddable":true,"href":"https:\/\/www.syncinc.at\/deutsch\/wp-json\/wp\/v2\/users\/1"}],"replies":[{"embeddable":true,"href":"https:\/\/www.syncinc.at\/deutsch\/wp-json\/wp\/v2\/comments?post=32"}],"version-history":[{"count":14,"href":"https:\/\/www.syncinc.at\/deutsch\/wp-json\/wp\/v2\/pages\/32\/revisions"}],"predecessor-version":[{"id":826,"href":"https:\/\/www.syncinc.at\/deutsch\/wp-json\/wp\/v2\/pages\/32\/revisions\/826"}],"wp:attachment":[{"href":"https:\/\/www.syncinc.at\/deutsch\/wp-json\/wp\/v2\/media?parent=32"}],"curies":[{"name":"wp","href":"https:\/\/api.w.org\/{rel}","templated":true}]}}